{"id":2,"date":"2023-02-13T10:45:48","date_gmt":"2023-02-13T09:45:48","guid":{"rendered":"https:\/\/www.sebnitzer-mtb-cup.de\/sebnitzer-mtb-cup\/cz\/?page_id=2"},"modified":"2026-01-26T11:21:46","modified_gmt":"2026-01-26T10:21:46","slug":"beispiel-seite","status":"publish","type":"page","link":"https:\/\/www.sebnitzer-mtb-cup.de\/cz\/","title":{"rendered":"Home"},"content":{"rendered":"\n<h2 class=\"wp-block-heading\">33. MTB-CUP maraton Sebnitz dne 02.05.2026<\/h2>\n\n\n\n<p>&nbsp;<br><strong><a href=\"https:\/\/www.sebnitzer-mtb-cup.de\/cz\/propozice\/\" data-type=\"page\" data-id=\"89\" target=\"_blank\" rel=\"noreferrer noopener\">Pro<\/a><a rel=\"noreferrer noopener\" href=\"https:\/\/www.sebnitzer-mtb-cup.de\/pdf-dateien\/ausschreibung-mtb-2023.pdf?m=1672672687&amp;\" target=\"_blank\">pozice<\/a><\/strong><\/p>\n\n\n\n<p><strong>M\u00edsto: Austragungsort<\/strong> des Rennens ist der <strong>Sebnitzer Ski-R\u00e4umicht<\/strong>.<br><br><strong>Adresa:<\/strong> Ski-Heim R\u00e4umicht, Tannertstra\u00dfe 52, 01855 Sebnitz<\/p>\n\n\n\n<p><strong>33. MTB-CUP maraton Sebnitz dne 02.05.2026<\/strong><\/p>\n\n\n\n<p>Dobr\u00fd den, sportovn\u00ed fanou\u0161ci<\/p>\n\n\n\n<p>na z\u00e1klad\u011b mnoha \u017e\u00e1dost\u00ed jsme se rozhodli zm\u011bnit po\u010det kol v kategorii \u017een a Masters IV z jednoho kola na dv\u011b kola, abychom dost\u00e1li charakteru maratonu.<\/p>\n\n\n\n<p>V posledn\u00edch dnech jsme se aktivn\u011b v\u011bnovali p\u0159\u00edprav\u011b a p\u0159edev\u0161\u00edm vykl\u00edzen\u00ed trati a nyn\u00ed ji\u017e nic nebr\u00e1n\u00ed tomu, aby se akce uskute\u010dnila. Po zvl\u00e1dnut\u00ed n\u00e1ro\u010dn\u00fdch v\u00fd\u0161kov\u00fdch metr\u016f se m\u016f\u017eete t\u011b\u0161it na vysn\u011bn\u00e9 single traily v rozkvetl\u00e9 krajin\u011b. Kv\u016fli k\u00e1cen\u00ed do\u0161lo tak\u00e9 k mal\u00e9 zm\u011bn\u011b trasy a podle na\u0161eho n\u00e1zoru nov\u00fd plynul\u00fd sjezd d\u011bl\u00e1 trasu je\u0161t\u011b atraktivn\u011bj\u0161\u00ed.<\/p>\n\n\n\n<p>Novou trasu najdete na na\u0161ich WEBOV\u00ddCH STR\u00c1NK\u00c1CH!<\/p>\n\n\n\n<p>33. ro\u010dn\u00edk Sebnitz Mountain Bike Cup dne 02.05.2026 &#8211; MARATON na 50 km!<\/p>\n\n\n\n<p>Od za\u010d\u00e1tku V&nbsp;Sebnitz se jezd\u00ed na kole v&nbsp;ter\u00e9nu ji\u017e od 90. let. Od jednoduch\u00fdch kol bez odpru\u017een\u00ed se MTB Cup vyvinul v profesion\u00e1ln\u00ed z\u00e1vod v cross-country, discipl\u00ednu, kter\u00e1 je z\u00e1rove\u0148 olympijskou sout\u011b\u017e\u00ed.<\/p>\n\n\n\n<p>Abychom udr\u017eeli krok s trendem dne\u0161n\u00ed bikov\u00e9 sc\u00e9ny, douf\u00e1me, \u017ee 4. kv\u011btna 2024 uspo\u0159\u00e1d\u00e1me ji\u017e 31. ro\u010dn\u00edk. Prodlou\u017eili celkovou d\u00e9lku na 50 km a m\u016f\u017eeme si sm\u011ble napsat na \u010delo n\u00e1zev MARATON.<\/p>\n\n\n\n<p>Na\u0161i novou trasu si m\u016f\u017eete prohl\u00e9dnout v rubrice Trasa.<\/p>\n\n\n\n<p>Od z\u00e1vodu v Sebnitz v roce 2019 se trasa zm\u011bnila a nyn\u00ed pojedeme po trochu jin\u00e9 trase. Vzd\u00e1lenost je nyn\u00ed 50 km, jedno kolo m\u011b\u0159\u00ed 16,5 km, rozlo\u017eeno do 3 kol +0,5 km \u00favodn\u00ed kolo, n\u00e1ro\u010dnost okruhu z\u016fst\u00e1v\u00e1:-).<\/p>\n\n\n\n<p>T\u011b\u0161\u00edme se na v\u0161echny \u00fa\u010dastn\u00edky a douf\u00e1me op\u011bt v mezin\u00e1rodn\u00ed \u00fa\u010dast.<\/p>\n\n\n\n<p>P\u0159esn\u00e1 fakta a term\u00edny naleznete v Propozic\u00edch!!!<\/p>\n\n\n\n<p>Prostudujte si trasu &#8211; st\u00e1hn\u011bte si ji &#8211; vyzkou\u0161ejte &#8211; <strong>je\u010fte d\u00e1l<\/strong>!!!<\/p>\n\n\n\n<p>Na Va\u0161i \u00fa\u010dast se t\u011b\u0161\u00ed org. team MTB ze SRV 1897 e.V.<\/p>\n\n\n\n<p>&#8220;M\u00edstem kon\u00e1n\u00ed z\u00e1vodu je ly\u017ea\u0159sk\u00fd are\u00e1l Sebnitz Ski-R\u00e4umicht.<\/p>\n\n\n\n<p>Adresa: Ski-Heim R\u00e4umicht, Tannertstra\u00dfe 52, 01855 Sebnitz.&#8221;<\/p>\n\n\n\n<p>Kr\u00e1tk\u00e1 fakta:<\/p>\n\n\n\n<p>&nbsp;&nbsp;&nbsp; 3. ze 7 z\u00e1vod\u016f PEKLO-SEVERU-Cupu.<\/p>\n\n\n\n<p>&nbsp;&nbsp;&nbsp; Vzd\u00e1lenost 50 km &#8211; 16,5 km dlouh\u00e9 kolo s p\u0159ev\u00fd\u0161en\u00edm 420 metr\u016f.<\/p>\n\n\n\n<p>&nbsp;&nbsp;&nbsp; \u00davodn\u00ed kolo na 0,5 km<\/p>\n\n\n\n<p>&nbsp;&nbsp;&nbsp; D\u011btsk\u00fd z\u00e1vod pro nejmen\u0161\u00ed od 0 do 3 let<\/p>\n\n\n\n<p>&nbsp;&nbsp;&nbsp; P\u0159eshrani\u010dn\u00ed seri\u00e1l z\u00e1vod\u016f<\/p>\n\n\n\n<p>Na v\u0161echny cyklisty se t\u011b\u0161\u00ed t\u00fdm spolku Sebnitzer Radfahrerverein 1897 e. V. Do sedel!<\/p>\n","protected":false},"excerpt":{"rendered":"<p>33. MTB-CUP maraton Sebnitz dne 02.05.2026 &nbsp;Propozice M\u00edsto: Austragungsort des Rennens ist der Sebnitzer Ski-R\u00e4umicht. Adresa: Ski-Heim R\u00e4umicht, Tannertstra\u00dfe 52, 01855 Sebnitz 33. MTB-CUP maraton Sebnitz dne 02.05.2026 Dobr\u00fd den, sportovn\u00ed fanou\u0161ci na z\u00e1klad\u011b mnoha \u017e\u00e1dost\u00ed jsme se rozhodli zm\u011bnit po\u010det kol v kategorii \u017een a Masters IV z jednoho kola na dv\u011b kola, abychom [&hellip;]<\/p>\n","protected":false},"author":1,"featured_media":0,"parent":0,"menu_order":0,"comment_status":"closed","ping_status":"open","template":"","meta":{"footnotes":""},"class_list":["post-2","page","type-page","status-publish","hentry"],"_links":{"self":[{"href":"https:\/\/www.sebnitzer-mtb-cup.de\/cz\/wp-json\/wp\/v2\/pages\/2","targetHints":{"allow":["GET"]}}],"collection":[{"href":"https:\/\/www.sebnitzer-mtb-cup.de\/cz\/wp-json\/wp\/v2\/pages"}],"about":[{"href":"https:\/\/www.sebnitzer-mtb-cup.de\/cz\/wp-json\/wp\/v2\/types\/page"}],"author":[{"embeddable":true,"href":"https:\/\/www.sebnitzer-mtb-cup.de\/cz\/wp-json\/wp\/v2\/users\/1"}],"replies":[{"embeddable":true,"href":"https:\/\/www.sebnitzer-mtb-cup.de\/cz\/wp-json\/wp\/v2\/comments?post=2"}],"version-history":[{"count":6,"href":"https:\/\/www.sebnitzer-mtb-cup.de\/cz\/wp-json\/wp\/v2\/pages\/2\/revisions"}],"predecessor-version":[{"id":116,"href":"https:\/\/www.sebnitzer-mtb-cup.de\/cz\/wp-json\/wp\/v2\/pages\/2\/revisions\/116"}],"wp:attachment":[{"href":"https:\/\/www.sebnitzer-mtb-cup.de\/cz\/wp-json\/wp\/v2\/media?parent=2"}],"curies":[{"name":"wp","href":"https:\/\/api.w.org\/{rel}","templated":true}]}}